{"id":561,"date":"2024-12-27T17:50:56","date_gmt":"2024-12-27T17:50:56","guid":{"rendered":"https:\/\/wealthwatcher.app\/?page_id=561"},"modified":"2025-01-08T20:06:19","modified_gmt":"2025-01-08T20:06:19","slug":"terms-and-conditions","status":"publish","type":"page","link":"https:\/\/wealthwatcher.app\/es\/terms-and-conditions\/","title":{"rendered":"T\u00e9rminos y condiciones"},"content":{"rendered":"<div data-elementor-type=\"wp-page\" data-elementor-id=\"561\" class=\"elementor elementor-561\" data-elementor-post-type=\"page\">\n\t\t\t\t<div data-particle_enable=\"false\" data-particle-mobile-disabled=\"false\" class=\"elementor-element elementor-element-8bffb79 e-flex e-con-boxed e-con e-parent\" data-id=\"8bffb79\" data-element_type=\"container\" data-e-type=\"container\">\n\t\t\t\t\t<div class=\"e-con-inner\">\n\t\t\t\t<div class=\"elementor-element elementor-element-f8cbbd3 elementor-widget elementor-widget-text-editor\" data-id=\"f8cbbd3\" data-element_type=\"widget\" data-e-type=\"widget\" data-widget_type=\"text-editor.default\">\n\t\t\t\t<div class=\"elementor-widget-container\">\n\t\t\t\t\t\t\t\t\t<h1>T\u00e9rminos y condiciones:<\/h1>\n<p>Al acceder a este sitio usted acepta los siguientes t\u00e9rminos y condiciones.<br>La informaci\u00f3n contenida en este sitio est\u00e1 destinada \u00fanicamente a fines de informaci\u00f3n general. Wealth Watcher ha realizado todos los esfuerzos razonables para garantizar que la informaci\u00f3n de este sitio web sea precisa en el momento de su inclusi\u00f3n; sin embargo, puede haber imprecisiones o errores ocasionales por los cuales Wealth Watcher se disculpa.<\/p>\n<p>Todos los derechos de propiedad intelectual de este sitio, incluidos, entre otros, todos los derechos de autor, dise\u00f1os y marcas comerciales, nos pertenecen o los utilizamos con el permiso del propietario. No tienes derecho a copiar, reproducir, modificar, publicar, cargar, publicar, transmitir o distribuir ning\u00fan logotipo, gr\u00e1fico, texto, sonido o imagen de este sitio web sin consentimiento previo por escrito, excepto en la medida limitada necesaria para acceder al contenido de este sitio.<\/p>\n<p>Todas las im\u00e1genes del sitio han sido creadas por o para Wealth Watcher \u00fanicamente o se han tomado de Unsplash. Consulta los t\u00e9rminos de uso de Unsplash aqu\u00ed. Cuando proporcionamos enlaces a otros sitios web, no tenemos control sobre esos sitios web ni sobre su contenido. La provisi\u00f3n de dicho enlace no implica que respaldemos el sitio web ni los productos y servicios que se ofrecen a trav\u00e9s de \u00e9l.<\/p>\n<p>No utilizar\u00e1 este sitio web con ning\u00fan fin ilegal y, en particular, se compromete a no enviar, utilizar, copiar, publicar ni permitir ninguna publicaci\u00f3n que sea difamatoria u obscena en el sentido de la Ley de Publicaciones Obscenas o que sea abusiva, indecente o que viole la privacidad de cualquier persona. Se compromete a no enviar ning\u00fan material promocional o publicitario no solicitado, correo basura o materiales similares o cualquier mensaje masivo que pueda interferir con el funcionamiento de este sitio web o con el disfrute de este sitio web por parte de otros visitantes.<\/p>\n<p><span style=\"font-size: 1rem;\">Wealth Watcher<\/span>&nbsp;se reserva el derecho, en cualquier momento y sin previo aviso, de mejorar, modificar, alterar, suspender o discontinuar permanentemente todo o parte de este sitio web y de restringir o prohibir el acceso al mismo.<\/p>\n<p>Si no cumple con estos t\u00e9rminos o con la Pol\u00edtica de privacidad de Wealth Watcher, Wealth Watcher podr\u00e1, a su elecci\u00f3n, suspender o bloquear su acceso a este sitio web y negarse a proporcionarle m\u00e1s acceso al mismo.<\/p>\n<p>Este sitio web se le proporciona de forma gratuita y Wealth Watcher no acepta ninguna responsabilidad por da\u00f1os directos, especiales, indirectos o consecuentes, ni por ning\u00fan otro da\u00f1o de cualquier tipo que resulte de cualquier causa a trav\u00e9s del uso de cualquier informaci\u00f3n obtenida directa o indirectamente de este sitio web. Su \u00fanico recurso es dejar de usar este sitio web. Wealth Watcher puede modificar estos t\u00e9rminos de vez en cuando.<\/p>\n<p>El uso que usted haga de este sitio web y las descargas que realice desde \u00e9l, as\u00ed como el funcionamiento de estos t\u00e9rminos y condiciones, se regir\u00e1n de conformidad con las leyes de Colombia. Los tribunales colombianos tendr\u00e1n jurisdicci\u00f3n exclusiva sobre cualquier disputa que surja de su uso de este sitio web. No asumimos ninguna responsabilidad ante usted por cualquier p\u00e9rdida o da\u00f1o que surja en relaci\u00f3n con este sitio o con aquellos sitios a los que se vincula.<\/p>\n<h2>&nbsp;<\/h2>\n<h2>MENCIONES LEGALES<\/h2>\n<p>www.wealthwatcher.app es editado por Wealth Watcher<br>Registered in Registro \u00danico Tributario (RUT) of Medellin, Colombia with number 901.346.827 \u2013 8<br>Sede central: Av. El Poblado #5A-113, Oficina 713, Medell\u00edn, Colombia.<\/p>\n<h3>Hosting:<\/h3>\n<p>Bluehost SAS<br>10 Corporate Drive<br>Suite #300<br>Burlington, MA 01803<br><a href=\"https:\/\/www.bluehost.com\/\" target=\"_self\" rel=\"nofollow external noopener noreferrer\" data-wpel-link=\"external\">www.bluehost.com\/<\/a><\/p>\t\t\t\t\t\t\t\t<\/div>\n\t\t\t\t<\/div>\n\t\t\t\t\t<\/div>\n\t\t\t\t<\/div>\n\t\t<div data-particle_enable=\"false\" data-particle-mobile-disabled=\"false\" class=\"elementor-element elementor-element-8bc578b e-flex e-con-boxed e-con e-parent\" data-id=\"8bc578b\" data-element_type=\"container\" data-e-type=\"container\">\n\t\t\t\t\t<div class=\"e-con-inner\">\n\t\t\t\t<div class=\"elementor-element elementor-element-6266e1f elementor-widget elementor-widget-spacer\" data-id=\"6266e1f\" data-element_type=\"widget\" data-e-type=\"widget\" data-widget_type=\"spacer.default\">\n\t\t\t\t<div class=\"elementor-widget-container\">\n\t\t\t\t\t\t\t<div class=\"elementor-spacer\">\n\t\t\t<div class=\"elementor-spacer-inner\"><\/div>\n\t\t<\/div>\n\t\t\t\t\t\t<\/div>\n\t\t\t\t<\/div>\n\t\t\t\t\t<\/div>\n\t\t\t\t<\/div>\n\t\t\t\t<\/div>","protected":false},"excerpt":{"rendered":"<p>Terms and conditions: By accessing this site you agree to the following terms and conditions.The information contained on this site is intended for general information purposes only. Wealth Watcher has made all reasonable efforts to ensure that the information on this website is accurate at the time of inclusion, however there may be inaccuracies or [&hellip;]<\/p>\n","protected":false},"author":1,"featured_media":0,"parent":0,"menu_order":0,"comment_status":"closed","ping_status":"closed","template":"elementor_header_footer","meta":{"footnotes":""},"class_list":["post-561","page","type-page","status-publish","hentry"],"_links":{"self":[{"href":"https:\/\/wealthwatcher.app\/es\/wp-json\/wp\/v2\/pages\/561","targetHints":{"allow":["GET"]}}],"collection":[{"href":"https:\/\/wealthwatcher.app\/es\/wp-json\/wp\/v2\/pages"}],"about":[{"href":"https:\/\/wealthwatcher.app\/es\/wp-json\/wp\/v2\/types\/page"}],"author":[{"embeddable":true,"href":"https:\/\/wealthwatcher.app\/es\/wp-json\/wp\/v2\/users\/1"}],"replies":[{"embeddable":true,"href":"https:\/\/wealthwatcher.app\/es\/wp-json\/wp\/v2\/comments?post=561"}],"version-history":[{"count":10,"href":"https:\/\/wealthwatcher.app\/es\/wp-json\/wp\/v2\/pages\/561\/revisions"}],"predecessor-version":[{"id":581,"href":"https:\/\/wealthwatcher.app\/es\/wp-json\/wp\/v2\/pages\/561\/revisions\/581"}],"wp:attachment":[{"href":"https:\/\/wealthwatcher.app\/es\/wp-json\/wp\/v2\/media?parent=561"}],"curies":[{"name":"wp","href":"https:\/\/api.w.org\/{rel}","templated":true}]}}