{"id":566,"date":"2024-12-27T18:37:07","date_gmt":"2024-12-27T18:37:07","guid":{"rendered":"https:\/\/wealthwatcher.app\/?page_id=566"},"modified":"2024-12-27T18:40:20","modified_gmt":"2024-12-27T18:40:20","slug":"privacy-policy","status":"publish","type":"page","link":"https:\/\/wealthwatcher.app\/es\/privacy-policy\/","title":{"rendered":"Pol\u00edtica de privacidad"},"content":{"rendered":"<div data-elementor-type=\"wp-page\" data-elementor-id=\"566\" class=\"elementor elementor-566\" data-elementor-post-type=\"page\">\n\t\t\t\t<div data-particle_enable=\"false\" data-particle-mobile-disabled=\"false\" class=\"elementor-element elementor-element-52eb74d e-flex e-con-boxed e-con e-parent\" data-id=\"52eb74d\" data-element_type=\"container\" data-e-type=\"container\">\n\t\t\t\t\t<div class=\"e-con-inner\">\n\t\t\t\t<div class=\"elementor-element elementor-element-d05e70f elementor-widget elementor-widget-text-editor\" data-id=\"d05e70f\" data-element_type=\"widget\" data-e-type=\"widget\" data-widget_type=\"text-editor.default\">\n\t\t\t\t<div class=\"elementor-widget-container\">\n\t\t\t\t\t\t\t\t\t<h1>POL\u00cdTICA DE PRIVACIDAD<\/h1><h3>1. Recordatorio de informaci\u00f3n<\/h3><p>Recuperamos la informaci\u00f3n que registras desde el momento en que ingresas tus datos e interact\u00faas en nuestro sitio hasta el momento en que cierras la sesi\u00f3n. La informaci\u00f3n requerida puede incluir tu nombre, direcci\u00f3n de correo electr\u00f3nico y n\u00famero de tel\u00e9fono.<br \/>Adem\u00e1s, recibimos y registramos autom\u00e1ticamente informaci\u00f3n de su computadora y navegador, incluida su direcci\u00f3n IP y la p\u00e1gina que visita.<\/p><h3>2. Uso de la informaci\u00f3n<\/h3><p>Cualquier informaci\u00f3n obtenida podr\u00e1 ser utilizada para:<br \/>\u2022 Personaliza tu experiencia y satisface tus necesidades individuales.<br \/>\u2022 Proporcionar contenido o publicidad personalizados<br \/>\u2022 Para mejorar nuestro sitio web<br \/>\u2022 Mejorar el servicio al cliente y las necesidades de soporte.<br \/>\u2022 Ponerse en contacto con usted por correo electr\u00f3nico.<br \/>\u2022 Ofrecer una promoci\u00f3n o encuesta<\/p><h3>3. Confidencialidad de los negocios en l\u00ednea<\/h3><p>Somos los propietarios de la informaci\u00f3n recopilada en este sitio. Su informaci\u00f3n personal no ser\u00e1 vendida, intercambiada, transferida a otra empresa por ning\u00fan motivo y sin consentimiento.<\/p><h3>4. Divulgaci\u00f3n a terceros<\/h3><p>No vendemos, comercializamos ni transferimos sus datos personales a terceros. Esto no incluye a terceros de confianza que nos asisten en la operaci\u00f3n de nuestro sitio web, ni a quienes manejan nuestra informaci\u00f3n, siempre que dichas partes se comprometan a mantener dicha informaci\u00f3n confidencial. Consideramos que es necesario compartir informaci\u00f3n con el fin de investigar, prevenir o tomar medidas respecto de actividades ilegales, sospechas de fraude, situaciones que impliquen amenazas potenciales a la seguridad f\u00edsica de alguna persona, violaciones a las condiciones de uso o cuando la ley as\u00ed lo exija. Sin embargo, la informaci\u00f3n no personal puede ser proporcionada a terceros para fines de marketing, publicidad u otros usos previamente autorizados.<\/p><h3>5. Protecci\u00f3n de la informaci\u00f3n<\/h3><p>Implementamos una variedad de medidas de seguridad para salvaguardar la seguridad de su informaci\u00f3n personal. Utilizamos la tecnolog\u00eda m\u00e1s avanzada para proteger la informaci\u00f3n confidencial transmitida en l\u00ednea. Tambi\u00e9n protegemos su informaci\u00f3n fuera de l\u00ednea. Solo los empleados que necesitan realizar una tarea espec\u00edfica (por ejemplo, facturaci\u00f3n o servicio al cliente) tienen acceso a informaci\u00f3n de identificaci\u00f3n personal. Las computadoras y los servidores que se utilizan para almacenar informaci\u00f3n de identificaci\u00f3n personal se mantienen en un entorno seguro.<\/p><h3>6. Cookies<\/h3><p>S\u00ed. Nuestras cookies mejoran el acceso a nuestro sitio e identifican a los visitantes habituales. Adem\u00e1s, nuestras cookies mejoran la experiencia del usuario al controlar y orientar sus intereses. Sin embargo, este uso de cookies no est\u00e1 relacionado de ninguna manera con la informaci\u00f3n de identificaci\u00f3n personal en nuestro sitio.<\/p><h3>7. Cancelar la suscripci\u00f3n<\/h3><p>Utilizamos la direcci\u00f3n de correo electr\u00f3nico que usted proporciona para enviarle informaci\u00f3n y actualizaciones, informaci\u00f3n sobre productos y servicios relacionados, etc. Si en alg\u00fan momento desea darse de baja y dejar de recibir correos electr\u00f3nicos, hay instrucciones detalladas para darse de baja que se incluyen en la parte inferior de cada correo electr\u00f3nico.<\/p><h3>8. Consentimiento<\/h3><p>Al utilizar nuestro sitio acepta nuestra pol\u00edtica de privacidad.<\/p>\t\t\t\t\t\t\t\t<\/div>\n\t\t\t\t<\/div>\n\t\t\t\t\t<\/div>\n\t\t\t\t<\/div>\n\t\t<div data-particle_enable=\"false\" data-particle-mobile-disabled=\"false\" class=\"elementor-element elementor-element-83ec0f5 e-flex e-con-boxed e-con e-parent\" data-id=\"83ec0f5\" data-element_type=\"container\" data-e-type=\"container\">\n\t\t\t\t\t<div class=\"e-con-inner\">\n\t\t\t\t<div class=\"elementor-element elementor-element-7bf0583 elementor-widget elementor-widget-spacer\" data-id=\"7bf0583\" data-element_type=\"widget\" data-e-type=\"widget\" data-widget_type=\"spacer.default\">\n\t\t\t\t<div class=\"elementor-widget-container\">\n\t\t\t\t\t\t\t<div class=\"elementor-spacer\">\n\t\t\t<div class=\"elementor-spacer-inner\"><\/div>\n\t\t<\/div>\n\t\t\t\t\t\t<\/div>\n\t\t\t\t<\/div>\n\t\t\t\t\t<\/div>\n\t\t\t\t<\/div>\n\t\t\t\t<\/div>","protected":false},"excerpt":{"rendered":"<p>PRIVACY POLICY 1. Information recollection We retrieve the information that you register from the moment you enter your data and interact on our site until the moment you close the session. The required information may include your name, email address and telephone number.In addition, we receive and automatically record information from your computer and browser, [&hellip;]<\/p>\n","protected":false},"author":1,"featured_media":0,"parent":0,"menu_order":0,"comment_status":"closed","ping_status":"closed","template":"elementor_header_footer","meta":{"footnotes":""},"class_list":["post-566","page","type-page","status-publish","hentry"],"_links":{"self":[{"href":"https:\/\/wealthwatcher.app\/es\/wp-json\/wp\/v2\/pages\/566","targetHints":{"allow":["GET"]}}],"collection":[{"href":"https:\/\/wealthwatcher.app\/es\/wp-json\/wp\/v2\/pages"}],"about":[{"href":"https:\/\/wealthwatcher.app\/es\/wp-json\/wp\/v2\/types\/page"}],"author":[{"embeddable":true,"href":"https:\/\/wealthwatcher.app\/es\/wp-json\/wp\/v2\/users\/1"}],"replies":[{"embeddable":true,"href":"https:\/\/wealthwatcher.app\/es\/wp-json\/wp\/v2\/comments?post=566"}],"version-history":[{"count":4,"href":"https:\/\/wealthwatcher.app\/es\/wp-json\/wp\/v2\/pages\/566\/revisions"}],"predecessor-version":[{"id":570,"href":"https:\/\/wealthwatcher.app\/es\/wp-json\/wp\/v2\/pages\/566\/revisions\/570"}],"wp:attachment":[{"href":"https:\/\/wealthwatcher.app\/es\/wp-json\/wp\/v2\/media?parent=566"}],"curies":[{"name":"wp","href":"https:\/\/api.w.org\/{rel}","templated":true}]}}